{"id":2078,"date":"2024-08-01T22:33:06","date_gmt":"2024-08-01T22:33:06","guid":{"rendered":"https:\/\/mathiasvonunger.cl\/?page_id=2078"},"modified":"2025-10-14T21:40:52","modified_gmt":"2025-10-14T21:40:52","slug":"proceso","status":"publish","type":"page","link":"https:\/\/mathiasvonunger.cl\/index.php\/proceso\/","title":{"rendered":"Proceso"},"content":{"rendered":"\t\t<div data-elementor-type=\"wp-page\" data-elementor-id=\"2078\" class=\"elementor elementor-2078\" data-elementor-post-type=\"page\">\n\t\t\t\t\t\t<section class=\"elementor-section elementor-top-section elementor-element elementor-element-24f918b elementor-section-full_width elementor-section-height-default elementor-section-height-default\" data-id=\"24f918b\" data-element_type=\"section\" data-e-type=\"section\">\n\t\t\t\t\t\t<div class=\"elementor-container elementor-column-gap-no\">\n\t\t\t\t\t<div class=\"elementor-column elementor-col-100 elementor-top-column elementor-element elementor-element-c77494c\" data-id=\"c77494c\" data-element_type=\"column\" data-e-type=\"column\">\n\t\t\t<div class=\"elementor-widget-wrap elementor-element-populated\">\n\t\t\t\t\t\t<div class=\"elementor-element elementor-element-794f13e elementor-widget elementor-widget-larson-intro\" data-id=\"794f13e\" data-element_type=\"widget\" data-e-type=\"widget\" data-widget_type=\"larson-intro.default\">\n\t\t\t\t<div class=\"elementor-widget-container\">\n\t\t\t\t\t\n\t\t<article class=\"article\">\n\t        <header class=\"article__header\">\n\t          <div class=\"container\">\n\t            \t            <h1 class=\"article__heading heading heading--size-large\">\n\t            \t<span >\n\t\t\t\t\t\tTe acompa\u00f1amos en  <br> todo el proceso\t\t\t\t\t<\/span>\n\t            <\/h1>\n\t            \t            \t          <\/div>\n\t        <\/header>\n\t        \t    <\/article>\n\n\t\t\t\t\t\t<\/div>\n\t\t\t\t<\/div>\n\t\t\t\t\t<\/div>\n\t\t<\/div>\n\t\t\t\t\t<\/div>\n\t\t<\/section>\n\t\t\t\t<section class=\"elementor-section elementor-top-section elementor-element elementor-element-3170334 elementor-section-full_width elementor-section-height-default elementor-section-height-default\" data-id=\"3170334\" data-element_type=\"section\" data-e-type=\"section\">\n\t\t\t\t\t\t<div class=\"elementor-container elementor-column-gap-no\">\n\t\t\t\t\t<div class=\"elementor-column elementor-col-100 elementor-top-column elementor-element elementor-element-03eea96\" data-id=\"03eea96\" data-element_type=\"column\" data-e-type=\"column\">\n\t\t\t<div class=\"elementor-widget-wrap elementor-element-populated\">\n\t\t\t\t\t\t<div class=\"elementor-element elementor-element-5501ffd elementor-widget elementor-widget-larson-services-list\" data-id=\"5501ffd\" data-element_type=\"widget\" data-e-type=\"widget\" data-widget_type=\"larson-services-list.default\">\n\t\t\t\t<div class=\"elementor-widget-container\">\n\t\t\t\t\t\n\t\t<div class=\"article__main container\">\n                    <section class=\"services-list\">\n          \t            <div class=\"services-list__item service-card\" data-aos=\"fade\">\n              <div class=\"service-card__inner\">\n                <div class=\"service-card__left\">\n                                    <div class=\"service-card__text\">\n                  \t<div >\n\t\t\t\t\t\t<p>El inicio de nuestro <b>Servicio Integral de Arquitectura y Construcci\u00f3n en Chile<\/b> comienza con la visi\u00f3n del cliente. En esta etapa, no solo creamos bocetos preliminares y desarrollamos el dise\u00f1o conceptual, sino que nos enfocamos en una <b>Definici\u00f3n de Materialidad Estrat\u00e9gica<\/b>, priorizando soluciones modulares como el CLT para optimizar costos y tiempos. La diferencia clave es que nuestra planificaci\u00f3n incluye la <b>Gesti\u00f3n Completa de la tramitaci\u00f3n de Planos y Permisos ante la Direcci\u00f3n de Obras Municipales (DOM)<\/b>. Esto garantiza que su proyecto cumpla con todas las normativas <b>OGUC (Ordenanza General de Urbanismo y Construcciones) en Chile<\/b>, asegurando una ejecuci\u00f3n fluida y sin retrasos.<\/p>\t\t\t\t\t<\/div>\n                  <\/div>\n                  \t\t\t\t                    <div class=\"num\">\n                  \t<span >\n\t\t\t\t\t\t01\t\t\t\t\t<\/span>\n                  <\/div>\n                                  <\/div>\n                <div class=\"service-card__right\">\n                                    <img decoding=\"async\" src=\"https:\/\/mathiasvonunger.cl\/wp-content\/uploads\/2024\/09\/Proceso-1celeste-1-1920x1920.png\" alt=\"\" \/>\n                                    <div class=\"service-card__detail\">\n                                        <div class=\"service-card__tags\">\n                    \t<span >\n\t\t\t\t\t\t\tInicio\t\t\t\t\t\t<\/span>\n                    <\/div>\n                                                            <h2 class=\"service-card__heading\">\n                    \t<span >\n\t\t\t\t\t\t\tDise\u00f1o y Planificaci\u00f3n\t\t\t\t\t\t<\/span>\n                    <\/h2>\n                                                          <\/div>\n                <\/div>\n              <\/div>\n            <\/div>\n                        <div class=\"services-list__item service-card service-card--reverse\" data-aos=\"fade\">\n              <div class=\"service-card__inner\">\n                <div class=\"service-card__left\">\n                                    <div class=\"service-card__text\">\n                  \t<div >\n\t\t\t\t\t\t<p>Comienza con la preparaci\u00f3n del sitio, que incluye la limpieza y nivelaci\u00f3n del terreno, as\u00ed como las excavaciones necesarias. Se procede con la construcci\u00f3n de los cimientos, muros de carga, vigas, columnas y techos seg\u00fan las especificaciones t\u00e9cnicas de los planos. Esta etapa tambi\u00e9n implica la instalaci\u00f3n de cerramientos como paredes, techos, puertas y ventanas, adem\u00e1s de los sistemas esenciales como los el\u00e9ctricos, de agua y HVAC. Durante todo el proceso, se lleva a cabo una supervisi\u00f3n continua para asegurar que la construcci\u00f3n se realice conforme a los planos y normas de calidad, lo cual incluye la gesti\u00f3n de equipos de trabajo y cronogramas.<\/p>\t\t\t\t\t<\/div>\n                  <\/div>\n                  \t\t\t\t                    <div class=\"num\">\n                  \t<span >\n\t\t\t\t\t\t02\t\t\t\t\t<\/span>\n                  <\/div>\n                                  <\/div>\n                <div class=\"service-card__right\">\n                                    <img decoding=\"async\" src=\"https:\/\/mathiasvonunger.cl\/wp-content\/uploads\/2024\/09\/Proceso-2celeste-1920x1920.png\" alt=\"\" \/>\n                                    <div class=\"service-card__detail\">\n                                        <div class=\"service-card__tags\">\n                    \t<span >\n\t\t\t\t\t\t\tAvance\t\t\t\t\t\t<\/span>\n                    <\/div>\n                                                            <h2 class=\"service-card__heading\">\n                    \t<span >\n\t\t\t\t\t\t\tConstruci\u00f3n\t\t\t\t\t\t<\/span>\n                    <\/h2>\n                                                          <\/div>\n                <\/div>\n              <\/div>\n            <\/div>\n                        <div class=\"services-list__item service-card\" data-aos=\"fade\">\n              <div class=\"service-card__inner\">\n                <div class=\"service-card__left\">\n                                    <div class=\"service-card__text\">\n                  \t<div >\n\t\t\t\t\t\t<p>Se aplican los acabados interiores y exteriores, como pintura, revestimientos de paredes, instalaci\u00f3n de pisos y ajuste de puertas y ventanas. A continuaci\u00f3n, se instalan y prueban todos los sistemas necesarios\u00a0 para garantizar su correcto funcionamiento. Se realiza una inspecci\u00f3n final para verificar que la construcci\u00f3n se haya ejecutado seg\u00fan los planos y los est\u00e1ndares de calidad acordados. Despu\u00e9s de una limpieza profunda del sitio, el proyecto se presenta formalmente al cliente mediante la entrega de las llaves y la provisi\u00f3n de toda la documentaci\u00f3n necesaria, incluyendo planos finales y manuales de operaci\u00f3n y mantenimiento.<\/p>\t\t\t\t\t<\/div>\n                  <\/div>\n                  \t\t\t\t                    <div class=\"num\">\n                  \t<span >\n\t\t\t\t\t\t03\t\t\t\t\t<\/span>\n                  <\/div>\n                                  <\/div>\n                <div class=\"service-card__right\">\n                                    <img decoding=\"async\" src=\"https:\/\/mathiasvonunger.cl\/wp-content\/uploads\/2024\/09\/Proceso-3celeste-1920x1920.png\" alt=\"\" \/>\n                                    <div class=\"service-card__detail\">\n                                        <div class=\"service-card__tags\">\n                    \t<span >\n\t\t\t\t\t\t\tFinal\t\t\t\t\t\t<\/span>\n                    <\/div>\n                                                            <h2 class=\"service-card__heading\">\n                    \t<span >\n\t\t\t\t\t\t\tTerminaciones y Entrega\t\t\t\t\t\t<\/span>\n                    <\/h2>\n                                                          <\/div>\n                <\/div>\n              <\/div>\n            <\/div>\n                      <\/section>\n                  <\/div>\n\n\t\t\t\t\t\t<\/div>\n\t\t\t\t<\/div>\n\t\t\t\t\t<\/div>\n\t\t<\/div>\n\t\t\t\t\t<\/div>\n\t\t<\/section>\n\t\t\t\t<\/div>\n\t\t","protected":false},"excerpt":{"rendered":"<p>Te acompa\u00f1amos en todo el proceso El inicio de nuestro Servicio Integral de Arquitectura y Construcci\u00f3n en Chile comienza con la visi\u00f3n del cliente. En esta etapa, no solo creamos bocetos preliminares y desarrollamos el dise\u00f1o conceptual, sino que nos enfocamos en una Definici\u00f3n de Materialidad Estrat\u00e9gica, priorizando soluciones modulares&#8230; <\/p>\n<div class=\"readmore\"><a href=\"https:\/\/mathiasvonunger.cl\/index.php\/proceso\/\" class=\"btn-link\">Read more<\/a><\/div>\n","protected":false},"author":1,"featured_media":0,"parent":0,"menu_order":0,"comment_status":"closed","ping_status":"closed","template":"template-elementor-default.php","meta":{"footnotes":""},"class_list":["post-2078","page","type-page","status-publish","hentry"],"acf":[],"yoast_head":"<!-- This site is optimized with the Yoast SEO plugin v27.5 - https:\/\/yoast.com\/product\/yoast-seo-wordpress\/ -->\n<title>Servicio Integral Arquitectura y Construcci\u00f3n - Von Unger<\/title>\n<meta name=\"description\" content=\"servicio integral de arquitectura y construcci\u00f3n en Chile con Von Unger. Gestionamos el dise\u00f1o, la planificaci\u00f3n y la ejecuci\u00f3n de su proyecto\" \/>\n<meta name=\"robots\" content=\"index, follow, max-snippet:-1, max-image-preview:large, max-video-preview:-1\" \/>\n<link rel=\"canonical\" href=\"https:\/\/mathiasvonunger.cl\/index.php\/proceso\/\" \/>\n<meta property=\"og:locale\" content=\"es_ES\" \/>\n<meta property=\"og:type\" content=\"article\" \/>\n<meta property=\"og:title\" content=\"Servicio Integral Arquitectura y Construcci\u00f3n - Von Unger\" \/>\n<meta property=\"og:description\" content=\"servicio integral de arquitectura y construcci\u00f3n en Chile con Von Unger. Gestionamos el dise\u00f1o, la planificaci\u00f3n y la ejecuci\u00f3n de su proyecto\" \/>\n<meta property=\"og:url\" content=\"https:\/\/mathiasvonunger.cl\/index.php\/proceso\/\" \/>\n<meta property=\"og:site_name\" content=\"Von Unger\" \/>\n<meta property=\"article:modified_time\" content=\"2025-10-14T21:40:52+00:00\" \/>\n<meta property=\"og:image\" content=\"https:\/\/mathiasvonunger.cl\/wp-content\/uploads\/2024\/09\/Proceso-1celeste-1-1920x1920.png\" \/>\n<meta name=\"twitter:card\" content=\"summary_large_image\" \/>\n<meta name=\"twitter:label1\" content=\"Tiempo de lectura\" \/>\n\t<meta name=\"twitter:data1\" content=\"3 minutos\" \/>\n<script type=\"application\/ld+json\" class=\"yoast-schema-graph\">{\"@context\":\"https:\\\/\\\/schema.org\",\"@graph\":[{\"@type\":\"WebPage\",\"@id\":\"https:\\\/\\\/mathiasvonunger.cl\\\/index.php\\\/proceso\\\/\",\"url\":\"https:\\\/\\\/mathiasvonunger.cl\\\/index.php\\\/proceso\\\/\",\"name\":\"Servicio Integral Arquitectura y Construcci\u00f3n - Von Unger\",\"isPartOf\":{\"@id\":\"https:\\\/\\\/mathiasvonunger.cl\\\/#website\"},\"primaryImageOfPage\":{\"@id\":\"https:\\\/\\\/mathiasvonunger.cl\\\/index.php\\\/proceso\\\/#primaryimage\"},\"image\":{\"@id\":\"https:\\\/\\\/mathiasvonunger.cl\\\/index.php\\\/proceso\\\/#primaryimage\"},\"thumbnailUrl\":\"https:\\\/\\\/mathiasvonunger.cl\\\/wp-content\\\/uploads\\\/2024\\\/09\\\/Proceso-1celeste-1-1920x1920.png\",\"datePublished\":\"2024-08-01T22:33:06+00:00\",\"dateModified\":\"2025-10-14T21:40:52+00:00\",\"description\":\"servicio integral de arquitectura y construcci\u00f3n en Chile con Von Unger. Gestionamos el dise\u00f1o, la planificaci\u00f3n y la ejecuci\u00f3n de su proyecto\",\"breadcrumb\":{\"@id\":\"https:\\\/\\\/mathiasvonunger.cl\\\/index.php\\\/proceso\\\/#breadcrumb\"},\"inLanguage\":\"es\",\"potentialAction\":[{\"@type\":\"ReadAction\",\"target\":[\"https:\\\/\\\/mathiasvonunger.cl\\\/index.php\\\/proceso\\\/\"]}]},{\"@type\":\"ImageObject\",\"inLanguage\":\"es\",\"@id\":\"https:\\\/\\\/mathiasvonunger.cl\\\/index.php\\\/proceso\\\/#primaryimage\",\"url\":\"https:\\\/\\\/mathiasvonunger.cl\\\/wp-content\\\/uploads\\\/2024\\\/09\\\/Proceso-1celeste-1.png\",\"contentUrl\":\"https:\\\/\\\/mathiasvonunger.cl\\\/wp-content\\\/uploads\\\/2024\\\/09\\\/Proceso-1celeste-1.png\",\"width\":2160,\"height\":2160},{\"@type\":\"BreadcrumbList\",\"@id\":\"https:\\\/\\\/mathiasvonunger.cl\\\/index.php\\\/proceso\\\/#breadcrumb\",\"itemListElement\":[{\"@type\":\"ListItem\",\"position\":1,\"name\":\"Portada\",\"item\":\"https:\\\/\\\/mathiasvonunger.cl\\\/\"},{\"@type\":\"ListItem\",\"position\":2,\"name\":\"Proceso\"}]},{\"@type\":\"WebSite\",\"@id\":\"https:\\\/\\\/mathiasvonunger.cl\\\/#website\",\"url\":\"https:\\\/\\\/mathiasvonunger.cl\\\/\",\"name\":\"Mathias Von Unger\",\"description\":\"\",\"publisher\":{\"@id\":\"https:\\\/\\\/mathiasvonunger.cl\\\/#organization\"},\"potentialAction\":[{\"@type\":\"SearchAction\",\"target\":{\"@type\":\"EntryPoint\",\"urlTemplate\":\"https:\\\/\\\/mathiasvonunger.cl\\\/?s={search_term_string}\"},\"query-input\":{\"@type\":\"PropertyValueSpecification\",\"valueRequired\":true,\"valueName\":\"search_term_string\"}}],\"inLanguage\":\"es\"},{\"@type\":\"Organization\",\"@id\":\"https:\\\/\\\/mathiasvonunger.cl\\\/#organization\",\"name\":\"Mathias Von Unger\",\"url\":\"https:\\\/\\\/mathiasvonunger.cl\\\/\",\"logo\":{\"@type\":\"ImageObject\",\"inLanguage\":\"es\",\"@id\":\"https:\\\/\\\/mathiasvonunger.cl\\\/#\\\/schema\\\/logo\\\/image\\\/\",\"url\":\"https:\\\/\\\/mathiasvonunger.cl\\\/wp-content\\\/uploads\\\/2024\\\/09\\\/cropped-VONUNGERPORTADA.png\",\"contentUrl\":\"https:\\\/\\\/mathiasvonunger.cl\\\/wp-content\\\/uploads\\\/2024\\\/09\\\/cropped-VONUNGERPORTADA.png\",\"width\":512,\"height\":512,\"caption\":\"Mathias Von Unger\"},\"image\":{\"@id\":\"https:\\\/\\\/mathiasvonunger.cl\\\/#\\\/schema\\\/logo\\\/image\\\/\"}}]}<\/script>\n<!-- \/ Yoast SEO plugin. -->","yoast_head_json":{"title":"Servicio Integral Arquitectura y Construcci\u00f3n - Von Unger","description":"servicio integral de arquitectura y construcci\u00f3n en Chile con Von Unger. Gestionamos el dise\u00f1o, la planificaci\u00f3n y la ejecuci\u00f3n de su proyecto","robots":{"index":"index","follow":"follow","max-snippet":"max-snippet:-1","max-image-preview":"max-image-preview:large","max-video-preview":"max-video-preview:-1"},"canonical":"https:\/\/mathiasvonunger.cl\/index.php\/proceso\/","og_locale":"es_ES","og_type":"article","og_title":"Servicio Integral Arquitectura y Construcci\u00f3n - Von Unger","og_description":"servicio integral de arquitectura y construcci\u00f3n en Chile con Von Unger. Gestionamos el dise\u00f1o, la planificaci\u00f3n y la ejecuci\u00f3n de su proyecto","og_url":"https:\/\/mathiasvonunger.cl\/index.php\/proceso\/","og_site_name":"Von Unger","article_modified_time":"2025-10-14T21:40:52+00:00","og_image":[{"url":"https:\/\/mathiasvonunger.cl\/wp-content\/uploads\/2024\/09\/Proceso-1celeste-1-1920x1920.png","type":"","width":"","height":""}],"twitter_card":"summary_large_image","twitter_misc":{"Tiempo de lectura":"3 minutos"},"schema":{"@context":"https:\/\/schema.org","@graph":[{"@type":"WebPage","@id":"https:\/\/mathiasvonunger.cl\/index.php\/proceso\/","url":"https:\/\/mathiasvonunger.cl\/index.php\/proceso\/","name":"Servicio Integral Arquitectura y Construcci\u00f3n - Von Unger","isPartOf":{"@id":"https:\/\/mathiasvonunger.cl\/#website"},"primaryImageOfPage":{"@id":"https:\/\/mathiasvonunger.cl\/index.php\/proceso\/#primaryimage"},"image":{"@id":"https:\/\/mathiasvonunger.cl\/index.php\/proceso\/#primaryimage"},"thumbnailUrl":"https:\/\/mathiasvonunger.cl\/wp-content\/uploads\/2024\/09\/Proceso-1celeste-1-1920x1920.png","datePublished":"2024-08-01T22:33:06+00:00","dateModified":"2025-10-14T21:40:52+00:00","description":"servicio integral de arquitectura y construcci\u00f3n en Chile con Von Unger. Gestionamos el dise\u00f1o, la planificaci\u00f3n y la ejecuci\u00f3n de su proyecto","breadcrumb":{"@id":"https:\/\/mathiasvonunger.cl\/index.php\/proceso\/#breadcrumb"},"inLanguage":"es","potentialAction":[{"@type":"ReadAction","target":["https:\/\/mathiasvonunger.cl\/index.php\/proceso\/"]}]},{"@type":"ImageObject","inLanguage":"es","@id":"https:\/\/mathiasvonunger.cl\/index.php\/proceso\/#primaryimage","url":"https:\/\/mathiasvonunger.cl\/wp-content\/uploads\/2024\/09\/Proceso-1celeste-1.png","contentUrl":"https:\/\/mathiasvonunger.cl\/wp-content\/uploads\/2024\/09\/Proceso-1celeste-1.png","width":2160,"height":2160},{"@type":"BreadcrumbList","@id":"https:\/\/mathiasvonunger.cl\/index.php\/proceso\/#breadcrumb","itemListElement":[{"@type":"ListItem","position":1,"name":"Portada","item":"https:\/\/mathiasvonunger.cl\/"},{"@type":"ListItem","position":2,"name":"Proceso"}]},{"@type":"WebSite","@id":"https:\/\/mathiasvonunger.cl\/#website","url":"https:\/\/mathiasvonunger.cl\/","name":"Mathias Von Unger","description":"","publisher":{"@id":"https:\/\/mathiasvonunger.cl\/#organization"},"potentialAction":[{"@type":"SearchAction","target":{"@type":"EntryPoint","urlTemplate":"https:\/\/mathiasvonunger.cl\/?s={search_term_string}"},"query-input":{"@type":"PropertyValueSpecification","valueRequired":true,"valueName":"search_term_string"}}],"inLanguage":"es"},{"@type":"Organization","@id":"https:\/\/mathiasvonunger.cl\/#organization","name":"Mathias Von Unger","url":"https:\/\/mathiasvonunger.cl\/","logo":{"@type":"ImageObject","inLanguage":"es","@id":"https:\/\/mathiasvonunger.cl\/#\/schema\/logo\/image\/","url":"https:\/\/mathiasvonunger.cl\/wp-content\/uploads\/2024\/09\/cropped-VONUNGERPORTADA.png","contentUrl":"https:\/\/mathiasvonunger.cl\/wp-content\/uploads\/2024\/09\/cropped-VONUNGERPORTADA.png","width":512,"height":512,"caption":"Mathias Von Unger"},"image":{"@id":"https:\/\/mathiasvonunger.cl\/#\/schema\/logo\/image\/"}}]}},"_links":{"self":[{"href":"https:\/\/mathiasvonunger.cl\/index.php\/wp-json\/wp\/v2\/pages\/2078","targetHints":{"allow":["GET"]}}],"collection":[{"href":"https:\/\/mathiasvonunger.cl\/index.php\/wp-json\/wp\/v2\/pages"}],"about":[{"href":"https:\/\/mathiasvonunger.cl\/index.php\/wp-json\/wp\/v2\/types\/page"}],"author":[{"embeddable":true,"href":"https:\/\/mathiasvonunger.cl\/index.php\/wp-json\/wp\/v2\/users\/1"}],"replies":[{"embeddable":true,"href":"https:\/\/mathiasvonunger.cl\/index.php\/wp-json\/wp\/v2\/comments?post=2078"}],"version-history":[{"count":22,"href":"https:\/\/mathiasvonunger.cl\/index.php\/wp-json\/wp\/v2\/pages\/2078\/revisions"}],"predecessor-version":[{"id":2631,"href":"https:\/\/mathiasvonunger.cl\/index.php\/wp-json\/wp\/v2\/pages\/2078\/revisions\/2631"}],"wp:attachment":[{"href":"https:\/\/mathiasvonunger.cl\/index.php\/wp-json\/wp\/v2\/media?parent=2078"}],"curies":[{"name":"wp","href":"https:\/\/api.w.org\/{rel}","templated":true}]}}