{"id":1395,"date":"2021-06-12T16:14:14","date_gmt":"2021-06-12T16:14:14","guid":{"rendered":"https:\/\/larson-demo.bslthemes.com\/?page_id=186"},"modified":"2026-01-23T19:44:50","modified_gmt":"2026-01-23T19:44:50","slug":"home-default-2","status":"publish","type":"page","link":"https:\/\/mathiasvonunger.cl\/","title":{"rendered":"Mathias Von Unger"},"content":{"rendered":"\t\t<div data-elementor-type=\"wp-page\" data-elementor-id=\"1395\" class=\"elementor elementor-1395\" data-elementor-post-type=\"page\">\n\t\t\t\t\t\t<section class=\"elementor-section elementor-top-section elementor-element elementor-element-a41e2b2 elementor-section-full_width elementor-section-height-default elementor-section-height-default\" data-id=\"a41e2b2\" data-element_type=\"section\">\n\t\t\t\t\t\t<div class=\"elementor-container elementor-column-gap-no\">\n\t\t\t\t\t<div class=\"elementor-column elementor-col-100 elementor-top-column elementor-element elementor-element-97c067e\" data-id=\"97c067e\" data-element_type=\"column\">\n\t\t\t<div class=\"elementor-widget-wrap elementor-element-populated\">\n\t\t\t\t\t\t<div class=\"elementor-element elementor-element-29fa3b1 elementor-widget__width-inherit elementor-widget elementor-widget-larson-hero-image\" data-id=\"29fa3b1\" data-element_type=\"widget\" data-widget_type=\"larson-hero-image.default\">\n\t\t\t\t<div class=\"elementor-widget-container\">\n\t\t\t\t\t\n\t\t<section class=\"webpage__hero hero\">\n\t        <div class=\"hero__inner\">\n\t          \t          <div class=\"hero__image\">\n\t            <img decoding=\"async\" src=\"https:\/\/mathiasvonunger.cl\/wp-content\/uploads\/2024\/09\/VONUNGERPORTADA.png\" alt=\"\" \/>\n\t          <\/div>\n\t          \t          <div class=\"hero__content\">\n\t            <div class=\"container\">\n\t              \t              <div class=\"hero__tag\">\n\t              \t<span >\n\t\t\t\t\t\tArquitecto\t\t\t\t\t<\/span>\n\t              <\/div>\n\t              \t              \t              <h2 class=\"hero__heading heading\">\n\t              \t<span >\n\t\t\t\t\t\tInnovaci\u00f3n  <br><span class=\"color-yellow\">de inicio<\/span> <br> a fin\t\t\t\t\t<\/span>\n\t\t\t\t\t  <span class=\"sep\">\n<svg viewBox='0 0 83 62' fill='none' xmlns='http:\/\/www.w3.org\/2000\/svg'><path d='M18.6.2c6.267 0 11 2.267 14.2 6.8 3.333 4.4 5 9.667 5 15.8 0 8.267-2.467 15.933-7.4 23-4.8 7.067-10.867 12.333-18.2 15.8L.4 52.2c5.333-2.133 10-5.067 14-8.8 4-3.867 6.733-7.867 8.2-12l-1-.6c-.667.533-1.467.933-2.4 1.2-.933.267-2.267.4-4 .4-3.067 0-6.2-1.2-9.4-3.6-3.067-2.533-4.6-6.333-4.6-11.4 0-5.333 1.733-9.533 5.2-12.6S13.933.2 18.6.2zm44.8 0c6.267 0 11 2.267 14.2 6.8 3.333 4.4 5 9.667 5 15.8 0 8.267-2.467 15.933-7.4 23-4.8 7.067-10.867 12.333-18.2 15.8l-11.8-9.4c5.333-2.133 10-5.067 14-8.8 4-3.867 6.733-7.867 8.2-12l-1-.6c-.667.533-1.467.933-2.4 1.2-.933.267-2.267.4-4 .4-3.067 0-6.2-1.2-9.4-3.6-3.067-2.533-4.6-6.333-4.6-11.4 0-5.333 1.733-9.533 5.2-12.6S58.733.2 63.4.2z' fill='#ffb74d'\/><\/svg><\/span>\n\t              <\/h2>\n\t              \t              \t              <div class=\"hero__text\">\n\t              \t<span >\n\t\t\t\t\t\tMathias Von Unger Ulrich <br><b>Soluciones integrales en<\/b> arquitectura deportiva, industrial y residencial. Convertimos proyectos complejos en realidades eficientes mediante innovaci\u00f3n t\u00e9cnica y dise\u00f1o de autor.\t\t\t\t\t<\/span>\n\t              <\/div>\n\t              \t            <\/div>\n\t          <\/div>\n\t        <\/div>\n\t    <\/section>\n\n\t\t\t\t\t\t<\/div>\n\t\t\t\t<\/div>\n\t\t\t\t\t<\/div>\n\t\t<\/div>\n\t\t\t\t\t<\/div>\n\t\t<\/section>\n\t\t\t\t<section class=\"elementor-section elementor-top-section elementor-element elementor-element-133c65d7 elementor-section-full_width elementor-section-height-default elementor-section-height-default\" data-id=\"133c65d7\" data-element_type=\"section\">\n\t\t\t\t\t\t<div class=\"elementor-container elementor-column-gap-no\">\n\t\t\t\t\t<div class=\"elementor-column elementor-col-100 elementor-top-column elementor-element elementor-element-1b38ee41\" data-id=\"1b38ee41\" data-element_type=\"column\">\n\t\t\t<div class=\"elementor-widget-wrap elementor-element-populated\">\n\t\t\t\t\t\t<div class=\"elementor-element elementor-element-537d95f elementor-widget elementor-widget-larson-about-us\" data-id=\"537d95f\" data-element_type=\"widget\" data-widget_type=\"larson-about-us.default\">\n\t\t\t\t<div class=\"elementor-widget-container\">\n\t\t\t\t\t\n\t\t<section class=\"webpage__about-section about-section\">\n\t        <div class=\"about-section__inner container\">\n\t          <div class=\"row no-gutters\">\n\t            <div class=\"about-section__content col-12 col-md-7\">\n\t              \t              <div class=\"about-section__heading heading-small\" data-aos=\"fade\">\n\t              \t<span >\n\t\t\t\t\t\tArquitectura\t\t\t\t\t<\/span>\n\t              <\/div>\n\t              \t              \t              <div class=\"about-section__pseudoheading heading\" data-aos=\"fade\">\n\t              \t<span >\n\t\t\t\t\t\tProyectos <span class=\"color-yellow\">destacados<\/span> y galer\u00eda\t\t\t\t\t<\/span>\n\t              <\/div>\n\t              \t              \t              <div class=\"about-section__text\" data-aos=\"fade\">\n\t              \t<div >\n\t\t\t\t\t\t<p>Explora nuestra galer\u00eda hist\u00f3rica con proyectos desde construcciones corporativas hasta viviendas unifamiliares.<\/p>\t\t\t\t\t<\/div>\n\t              <\/div>\n\t              \t              \t              <a href=\"https:\/\/mathiasvonunger.cl\/index.php\/blog-grid\/\" class=\"about-section__btn btn\" data-aos=\"fade\">\n\t              \t<span >\n\t\t\t\t\t\tVer proyectos\t\t\t\t\t<\/span>\n\t              <\/a>\n\t              \t            <\/div>\n\t            <div class=\"col-12 col-md-5\" data-aos=\"fade\">\n\t              \t              <div class=\"about-section__image\">\n\t                <img fetchpriority=\"high\" decoding=\"async\" src=\"https:\/\/mathiasvonunger.cl\/wp-content\/uploads\/2021\/06\/about-section-image@2x.jpg\" width=\"426\" height=\"573\" alt=\"\" \/>\n\t              <\/div>\n\t              \t              \t              <div class=\"about-section__cite-wrapper\">\n\t                \t                \t                <cite class=\"about-section__cite\">\n\t                \t<span >\n\t\t\t\t\t\t\tvonUger\t\t\t\t\t\t<\/span>\n\t                <\/cite>\n\t                \t              <\/div>\n\t              \t            <\/div>\n\t          <\/div>\n\t        <\/div>\n\t    <\/section>\n\n\t\t\t\t\t\t<\/div>\n\t\t\t\t<\/div>\n\t\t\t\t\t<\/div>\n\t\t<\/div>\n\t\t\t\t\t<\/div>\n\t\t<\/section>\n\t\t<div class=\"elementor-element elementor-element-418957f8 e-flex e-con-boxed e-con e-parent\" data-id=\"418957f8\" data-element_type=\"container\">\n\t\t\t\t\t<div class=\"e-con-inner\">\n\t\t\t\t<div class=\"elementor-element elementor-element-33bdc867 elementor-widget elementor-widget-larson-services-list\" data-id=\"33bdc867\" data-element_type=\"widget\" data-widget_type=\"larson-services-list.default\">\n\t\t\t\t<div class=\"elementor-widget-container\">\n\t\t\t\t\t\n\t\t<div class=\"article__main container\">\n                    <section class=\"services-list\">\n          \t            <div class=\"services-list__item service-card\" data-aos=\"fade\">\n              <div class=\"service-card__inner\">\n                <div class=\"service-card__left\">\n                                    <div class=\"service-card__text\">\n                  \t<div >\n\t\t\t\t\t\t<p>Cada detalle ha sido ideado y curado para enriquecer su experiencia de construcci\u00f3n, solucionando tres grandes problem\u00e1ticas de \u00e9sta: Flexibilidad, Rendimiento y Calidad.\u00a0<\/p>\t\t\t\t\t<\/div>\n                  <\/div>\n                  \t\t\t\t                  <\/div>\n                <div class=\"service-card__right\">\n                                    <img decoding=\"async\" src=\"https:\/\/mathiasvonunger.cl\/wp-content\/uploads\/2024\/11\/DSC8807.png\" alt=\"\" \/>\n                                    <div class=\"service-card__detail\">\n                                                            <h2 class=\"service-card__heading\">\n                    \t<span >\n\t\t\t\t\t\t\tSistemas de Construcci\u00f3n Modular\t\t\t\t\t\t<\/span>\n                    <\/h2>\n                                                            <a href=\"https:\/\/mathiasvonunger.cl\/index.php\/modulos-clt\/\" class=\"service-card__link\">\n                      <span >\n\t\t\t\t\t\tVer M\u00e1s\t\t\t\t\t  <\/span>\n                      <svg width=\"20\" height=\"20\">\n                        <use xlink:href=\"#chevron-right\"><\/use>\n                      <\/svg>\n                    <\/a>\n                                      <\/div>\n                <\/div>\n              <\/div>\n            <\/div>\n                      <\/section>\n                  <\/div>\n\n\t\t\t\t\t\t<\/div>\n\t\t\t\t<\/div>\n\t\t\t\t\t<\/div>\n\t\t\t\t<\/div>\n\t\t\t\t<section class=\"elementor-section elementor-top-section elementor-element elementor-element-4287b25f elementor-section-full_width elementor-section-height-default elementor-section-height-default\" data-id=\"4287b25f\" data-element_type=\"section\">\n\t\t\t\t\t\t<div class=\"elementor-container elementor-column-gap-no\">\n\t\t\t\t\t<div class=\"elementor-column elementor-col-100 elementor-top-column elementor-element elementor-element-7ad524e6\" data-id=\"7ad524e6\" data-element_type=\"column\">\n\t\t\t<div class=\"elementor-widget-wrap elementor-element-populated\">\n\t\t\t\t\t\t<div class=\"elementor-element elementor-element-39a8dbdc elementor-widget elementor-widget-larson-about-us\" data-id=\"39a8dbdc\" data-element_type=\"widget\" data-widget_type=\"larson-about-us.default\">\n\t\t\t\t<div class=\"elementor-widget-container\">\n\t\t\t\t\t\n\t\t<section class=\"webpage__about-section about-section\">\n\t        <div class=\"about-section__inner container\">\n\t          <div class=\"row no-gutters\">\n\t            <div class=\"about-section__content col-12 col-md-7\">\n\t              \t              <div class=\"about-section__heading heading-small\" data-aos=\"fade\">\n\t              \t<span >\n\t\t\t\t\t\tServicios\t\t\t\t\t<\/span>\n\t              <\/div>\n\t              \t              \t              <div class=\"about-section__pseudoheading heading\" data-aos=\"fade\">\n\t              \t<span >\n\t\t\t\t\t\tM&amp;N <span class=\"color-yellow\">Von Unger SPA<\/span> \t\t\t\t\t<\/span>\n\t              <\/div>\n\t              \t              \t              <div class=\"about-section__text\" data-aos=\"fade\">\n\t              \t<div >\n\t\t\t\t\t\t<p data-path-to-node=\"5,0\"><b data-path-to-node=\"5,0\" data-index-in-node=\"0\">M&amp;N Von Unger SPA<\/b> es una empresa constructora en Chile especializada en soluciones din\u00e1micas y personalizadas para cada desaf\u00edo arquitect\u00f3nico. Nos distinguimos por la ejecuci\u00f3n de obras de gran envergadura bajo las modalidades de <b data-path-to-node=\"5,0\" data-index-in-node=\"231\">Suma Alzada o Administraci\u00f3n<\/b>, garantizando siempre el equilibrio perfecto entre excelencia t\u00e9cnica y optimizaci\u00f3n de costos.<\/p><p data-path-to-node=\"5,1\">Con m\u00e1s de <b data-path-to-node=\"5,1\" data-index-in-node=\"11\">65.000 m\u00b2 edificados<\/b>, nuestra experiencia abarca los sistemas constructivos m\u00e1s avanzados del mercado, asegurando resultados de alta eficiencia para proyectos industriales, deportivos y residenciales.<\/p>\t\t\t\t\t<\/div>\n\t              <\/div>\n\t              \t              \t              <a href=\"https:\/\/wa.me\/+56998262057\" class=\"about-section__btn btn\" data-aos=\"fade\">\n\t              \t<span >\n\t\t\t\t\t\tContactar\t\t\t\t\t<\/span>\n\t              <\/a>\n\t              \t            <\/div>\n\t            <div class=\"col-12 col-md-5\" data-aos=\"fade\">\n\t              \t              <div class=\"about-section__image\">\n\t                <img decoding=\"async\" src=\"https:\/\/mathiasvonunger.cl\/wp-content\/uploads\/2021\/06\/pichilejos-e1720806923413.png\" width=\"426\" height=\"573\" alt=\"\" \/>\n\t              <\/div>\n\t              \t              \t              <div class=\"about-section__cite-wrapper\">\n\t                \t                <blockquote class=\"about-section__blockquote\">\n\t                \t<span >\n\t\t\t\t\t\t\tLa construcci\u00f3n debe ir de la mano de innovaci\u00f3n y cuidado energ\u00e9tico.\"\t\t\t\t\t\t<\/span>\n\t\t\t\t\t\t<span class=\"sep\"><svg viewBox='0 0 83 62' fill='none' xmlns='http:\/\/www.w3.org\/2000\/svg'><path d='M18.6.2c6.267 0 11 2.267 14.2 6.8 3.333 4.4 5 9.667 5 15.8 0 8.267-2.467 15.933-7.4 23-4.8 7.067-10.867 12.333-18.2 15.8L.4 52.2c5.333-2.133 10-5.067 14-8.8 4-3.867 6.733-7.867 8.2-12l-1-.6c-.667.533-1.467.933-2.4 1.2-.933.267-2.267.4-4 .4-3.067 0-6.2-1.2-9.4-3.6-3.067-2.533-4.6-6.333-4.6-11.4 0-5.333 1.733-9.533 5.2-12.6S13.933.2 18.6.2zm44.8 0c6.267 0 11 2.267 14.2 6.8 3.333 4.4 5 9.667 5 15.8 0 8.267-2.467 15.933-7.4 23-4.8 7.067-10.867 12.333-18.2 15.8l-11.8-9.4c5.333-2.133 10-5.067 14-8.8 4-3.867 6.733-7.867 8.2-12l-1-.6c-.667.533-1.467.933-2.4 1.2-.933.267-2.267.4-4 .4-3.067 0-6.2-1.2-9.4-3.6-3.067-2.533-4.6-6.333-4.6-11.4 0-5.333 1.733-9.533 5.2-12.6S58.733.2 63.4.2z' fill='#ffb74d'\/><\/svg><\/span>\n\t                <\/blockquote>\n\t                \t                \t                <cite class=\"about-section__cite\">\n\t                \t<span >\n\t\t\t\t\t\t\tvonUnger\t\t\t\t\t\t<\/span>\n\t                <\/cite>\n\t                \t              <\/div>\n\t              \t            <\/div>\n\t          <\/div>\n\t        <\/div>\n\t    <\/section>\n\n\t\t\t\t\t\t<\/div>\n\t\t\t\t<\/div>\n\t\t\t\t\t<\/div>\n\t\t<\/div>\n\t\t\t\t\t<\/div>\n\t\t<\/section>\n\t\t\t\t<\/div>\n\t\t","protected":false},"excerpt":{"rendered":"<p>Arquitecto Innovaci\u00f3n de inicio a fin Mathias Von Unger Ulrich Soluciones integrales en arquitectura deportiva, industrial y residencial. Convertimos proyectos complejos en realidades eficientes mediante innovaci\u00f3n t\u00e9cnica y dise\u00f1o de autor. Arquitectura Proyectos destacados y galer\u00eda Explora nuestra galer\u00eda hist\u00f3rica con proyectos desde construcciones corporativas hasta viviendas unifamiliares. Ver proyectos&#8230; <\/p>\n<div class=\"readmore\"><a href=\"https:\/\/mathiasvonunger.cl\/\" class=\"btn-link\">Read more<\/a><\/div>\n","protected":false},"author":1,"featured_media":0,"parent":0,"menu_order":0,"comment_status":"closed","ping_status":"closed","template":"elementor_header_footer","meta":{"footnotes":""},"class_list":["post-1395","page","type-page","status-publish","hentry"],"acf":[],"yoast_head":"<!-- This site is optimized with the Yoast SEO plugin v26.8 - https:\/\/yoast.com\/product\/yoast-seo-wordpress\/ -->\n<title>Mathias Von Unger | Arquitectura, Construcci\u00f3n<\/title>\n<meta name=\"description\" content=\"Mathias Von Unger, arquitecto en Santiago de Chile. Expertos en dise\u00f1o, arquitectura deportiva y construcci\u00f3n modular (CLT). Innovaci\u00f3n de inicio a fin para su proyecto.\" \/>\n<meta name=\"robots\" content=\"index, follow, max-snippet:-1, max-image-preview:large, max-video-preview:-1\" \/>\n<link rel=\"canonical\" href=\"https:\/\/mathiasvonunger.cl\/\" \/>\n<meta property=\"og:locale\" content=\"es_ES\" \/>\n<meta property=\"og:type\" content=\"article\" \/>\n<meta property=\"og:title\" content=\"Mathias Von Unger | Arquitectura, Construcci\u00f3n\" \/>\n<meta property=\"og:description\" content=\"Mathias Von Unger, arquitecto en Santiago de Chile. Expertos en dise\u00f1o, arquitectura deportiva y construcci\u00f3n modular (CLT). Innovaci\u00f3n de inicio a fin para su proyecto.\" \/>\n<meta property=\"og:url\" content=\"https:\/\/mathiasvonunger.cl\/\" \/>\n<meta property=\"og:site_name\" content=\"Von Unger\" \/>\n<meta property=\"article:modified_time\" content=\"2026-01-23T19:44:50+00:00\" \/>\n<meta property=\"og:image\" content=\"https:\/\/mathiasvonunger.cl\/wp-content\/uploads\/2024\/09\/VONUNGERPORTADA.png\" \/>\n<meta name=\"twitter:card\" content=\"summary_large_image\" \/>\n<script type=\"application\/ld+json\" class=\"yoast-schema-graph\">{\"@context\":\"https:\/\/schema.org\",\"@graph\":[{\"@type\":\"WebPage\",\"@id\":\"https:\/\/mathiasvonunger.cl\/\",\"url\":\"https:\/\/mathiasvonunger.cl\/\",\"name\":\"Mathias Von Unger | Arquitectura, Construcci\u00f3n\",\"isPartOf\":{\"@id\":\"https:\/\/mathiasvonunger.cl\/#website\"},\"primaryImageOfPage\":{\"@id\":\"https:\/\/mathiasvonunger.cl\/#primaryimage\"},\"image\":{\"@id\":\"https:\/\/mathiasvonunger.cl\/#primaryimage\"},\"thumbnailUrl\":\"https:\/\/mathiasvonunger.cl\/wp-content\/uploads\/2024\/09\/VONUNGERPORTADA.png\",\"datePublished\":\"2021-06-12T16:14:14+00:00\",\"dateModified\":\"2026-01-23T19:44:50+00:00\",\"description\":\"Mathias Von Unger, arquitecto en Santiago de Chile. Expertos en dise\u00f1o, arquitectura deportiva y construcci\u00f3n modular (CLT). Innovaci\u00f3n de inicio a fin para su proyecto.\",\"breadcrumb\":{\"@id\":\"https:\/\/mathiasvonunger.cl\/#breadcrumb\"},\"inLanguage\":\"es\",\"potentialAction\":[{\"@type\":\"ReadAction\",\"target\":[\"https:\/\/mathiasvonunger.cl\/\"]}]},{\"@type\":\"ImageObject\",\"inLanguage\":\"es\",\"@id\":\"https:\/\/mathiasvonunger.cl\/#primaryimage\",\"url\":\"https:\/\/mathiasvonunger.cl\/wp-content\/uploads\/2024\/09\/VONUNGERPORTADA.png\",\"contentUrl\":\"https:\/\/mathiasvonunger.cl\/wp-content\/uploads\/2024\/09\/VONUNGERPORTADA.png\",\"width\":831,\"height\":1069},{\"@type\":\"BreadcrumbList\",\"@id\":\"https:\/\/mathiasvonunger.cl\/#breadcrumb\",\"itemListElement\":[{\"@type\":\"ListItem\",\"position\":1,\"name\":\"Portada\",\"item\":\"https:\/\/mathiasvonunger.cl\/\"},{\"@type\":\"ListItem\",\"position\":2,\"name\":\"Mathias Von Unger\"}]},{\"@type\":\"WebSite\",\"@id\":\"https:\/\/mathiasvonunger.cl\/#website\",\"url\":\"https:\/\/mathiasvonunger.cl\/\",\"name\":\"Mathias Von Unger\",\"description\":\"\",\"publisher\":{\"@id\":\"https:\/\/mathiasvonunger.cl\/#organization\"},\"potentialAction\":[{\"@type\":\"SearchAction\",\"target\":{\"@type\":\"EntryPoint\",\"urlTemplate\":\"https:\/\/mathiasvonunger.cl\/?s={search_term_string}\"},\"query-input\":{\"@type\":\"PropertyValueSpecification\",\"valueRequired\":true,\"valueName\":\"search_term_string\"}}],\"inLanguage\":\"es\"},{\"@type\":\"Organization\",\"@id\":\"https:\/\/mathiasvonunger.cl\/#organization\",\"name\":\"Mathias Von Unger\",\"url\":\"https:\/\/mathiasvonunger.cl\/\",\"logo\":{\"@type\":\"ImageObject\",\"inLanguage\":\"es\",\"@id\":\"https:\/\/mathiasvonunger.cl\/#\/schema\/logo\/image\/\",\"url\":\"https:\/\/mathiasvonunger.cl\/wp-content\/uploads\/2024\/09\/cropped-VONUNGERPORTADA.png\",\"contentUrl\":\"https:\/\/mathiasvonunger.cl\/wp-content\/uploads\/2024\/09\/cropped-VONUNGERPORTADA.png\",\"width\":512,\"height\":512,\"caption\":\"Mathias Von Unger\"},\"image\":{\"@id\":\"https:\/\/mathiasvonunger.cl\/#\/schema\/logo\/image\/\"}}]}<\/script>\n<!-- \/ Yoast SEO plugin. -->","yoast_head_json":{"title":"Mathias Von Unger | Arquitectura, Construcci\u00f3n","description":"Mathias Von Unger, arquitecto en Santiago de Chile. Expertos en dise\u00f1o, arquitectura deportiva y construcci\u00f3n modular (CLT). Innovaci\u00f3n de inicio a fin para su proyecto.","robots":{"index":"index","follow":"follow","max-snippet":"max-snippet:-1","max-image-preview":"max-image-preview:large","max-video-preview":"max-video-preview:-1"},"canonical":"https:\/\/mathiasvonunger.cl\/","og_locale":"es_ES","og_type":"article","og_title":"Mathias Von Unger | Arquitectura, Construcci\u00f3n","og_description":"Mathias Von Unger, arquitecto en Santiago de Chile. Expertos en dise\u00f1o, arquitectura deportiva y construcci\u00f3n modular (CLT). Innovaci\u00f3n de inicio a fin para su proyecto.","og_url":"https:\/\/mathiasvonunger.cl\/","og_site_name":"Von Unger","article_modified_time":"2026-01-23T19:44:50+00:00","og_image":[{"url":"https:\/\/mathiasvonunger.cl\/wp-content\/uploads\/2024\/09\/VONUNGERPORTADA.png","type":"","width":"","height":""}],"twitter_card":"summary_large_image","schema":{"@context":"https:\/\/schema.org","@graph":[{"@type":"WebPage","@id":"https:\/\/mathiasvonunger.cl\/","url":"https:\/\/mathiasvonunger.cl\/","name":"Mathias Von Unger | Arquitectura, Construcci\u00f3n","isPartOf":{"@id":"https:\/\/mathiasvonunger.cl\/#website"},"primaryImageOfPage":{"@id":"https:\/\/mathiasvonunger.cl\/#primaryimage"},"image":{"@id":"https:\/\/mathiasvonunger.cl\/#primaryimage"},"thumbnailUrl":"https:\/\/mathiasvonunger.cl\/wp-content\/uploads\/2024\/09\/VONUNGERPORTADA.png","datePublished":"2021-06-12T16:14:14+00:00","dateModified":"2026-01-23T19:44:50+00:00","description":"Mathias Von Unger, arquitecto en Santiago de Chile. Expertos en dise\u00f1o, arquitectura deportiva y construcci\u00f3n modular (CLT). Innovaci\u00f3n de inicio a fin para su proyecto.","breadcrumb":{"@id":"https:\/\/mathiasvonunger.cl\/#breadcrumb"},"inLanguage":"es","potentialAction":[{"@type":"ReadAction","target":["https:\/\/mathiasvonunger.cl\/"]}]},{"@type":"ImageObject","inLanguage":"es","@id":"https:\/\/mathiasvonunger.cl\/#primaryimage","url":"https:\/\/mathiasvonunger.cl\/wp-content\/uploads\/2024\/09\/VONUNGERPORTADA.png","contentUrl":"https:\/\/mathiasvonunger.cl\/wp-content\/uploads\/2024\/09\/VONUNGERPORTADA.png","width":831,"height":1069},{"@type":"BreadcrumbList","@id":"https:\/\/mathiasvonunger.cl\/#breadcrumb","itemListElement":[{"@type":"ListItem","position":1,"name":"Portada","item":"https:\/\/mathiasvonunger.cl\/"},{"@type":"ListItem","position":2,"name":"Mathias Von Unger"}]},{"@type":"WebSite","@id":"https:\/\/mathiasvonunger.cl\/#website","url":"https:\/\/mathiasvonunger.cl\/","name":"Mathias Von Unger","description":"","publisher":{"@id":"https:\/\/mathiasvonunger.cl\/#organization"},"potentialAction":[{"@type":"SearchAction","target":{"@type":"EntryPoint","urlTemplate":"https:\/\/mathiasvonunger.cl\/?s={search_term_string}"},"query-input":{"@type":"PropertyValueSpecification","valueRequired":true,"valueName":"search_term_string"}}],"inLanguage":"es"},{"@type":"Organization","@id":"https:\/\/mathiasvonunger.cl\/#organization","name":"Mathias Von Unger","url":"https:\/\/mathiasvonunger.cl\/","logo":{"@type":"ImageObject","inLanguage":"es","@id":"https:\/\/mathiasvonunger.cl\/#\/schema\/logo\/image\/","url":"https:\/\/mathiasvonunger.cl\/wp-content\/uploads\/2024\/09\/cropped-VONUNGERPORTADA.png","contentUrl":"https:\/\/mathiasvonunger.cl\/wp-content\/uploads\/2024\/09\/cropped-VONUNGERPORTADA.png","width":512,"height":512,"caption":"Mathias Von Unger"},"image":{"@id":"https:\/\/mathiasvonunger.cl\/#\/schema\/logo\/image\/"}}]}},"_links":{"self":[{"href":"https:\/\/mathiasvonunger.cl\/index.php\/wp-json\/wp\/v2\/pages\/1395","targetHints":{"allow":["GET"]}}],"collection":[{"href":"https:\/\/mathiasvonunger.cl\/index.php\/wp-json\/wp\/v2\/pages"}],"about":[{"href":"https:\/\/mathiasvonunger.cl\/index.php\/wp-json\/wp\/v2\/types\/page"}],"author":[{"embeddable":true,"href":"https:\/\/mathiasvonunger.cl\/index.php\/wp-json\/wp\/v2\/users\/1"}],"replies":[{"embeddable":true,"href":"https:\/\/mathiasvonunger.cl\/index.php\/wp-json\/wp\/v2\/comments?post=1395"}],"version-history":[{"count":58,"href":"https:\/\/mathiasvonunger.cl\/index.php\/wp-json\/wp\/v2\/pages\/1395\/revisions"}],"predecessor-version":[{"id":2694,"href":"https:\/\/mathiasvonunger.cl\/index.php\/wp-json\/wp\/v2\/pages\/1395\/revisions\/2694"}],"wp:attachment":[{"href":"https:\/\/mathiasvonunger.cl\/index.php\/wp-json\/wp\/v2\/media?parent=1395"}],"curies":[{"name":"wp","href":"https:\/\/api.w.org\/{rel}","templated":true}]}}